{"id":2,"date":"2024-03-07T16:55:53","date_gmt":"2024-03-07T16:55:53","guid":{"rendered":"https:\/\/intervisie-begeleider.nl\/?page_id=2"},"modified":"2024-03-09T08:03:30","modified_gmt":"2024-03-09T08:03:30","slug":"intervisie","status":"publish","type":"page","link":"https:\/\/intervisie-begeleider.nl\/","title":{"rendered":"Wat is Intervisie"},"content":{"rendered":"<div class=\"wp-block-image\">\n<figure class=\"alignright size-large is-resized\"><img loading=\"lazy\" decoding=\"async\" width=\"1024\" height=\"330\" src=\"https:\/\/intervisie-begeleider.nl\/wp-content\/uploads\/2024\/03\/Scherm\u00adafbeelding-2024-03-08-om-18.06.25-1024x330.png\" alt=\"\" class=\"wp-image-56\" style=\"width:441px;height:auto\" srcset=\"https:\/\/intervisie-begeleider.nl\/wp-content\/uploads\/2024\/03\/Scherm\u00adafbeelding-2024-03-08-om-18.06.25-1024x330.png 1024w, https:\/\/intervisie-begeleider.nl\/wp-content\/uploads\/2024\/03\/Scherm\u00adafbeelding-2024-03-08-om-18.06.25-300x97.png 300w, https:\/\/intervisie-begeleider.nl\/wp-content\/uploads\/2024\/03\/Scherm\u00adafbeelding-2024-03-08-om-18.06.25-768x247.png 768w, https:\/\/intervisie-begeleider.nl\/wp-content\/uploads\/2024\/03\/Scherm\u00adafbeelding-2024-03-08-om-18.06.25-1536x495.png 1536w, https:\/\/intervisie-begeleider.nl\/wp-content\/uploads\/2024\/03\/Scherm\u00adafbeelding-2024-03-08-om-18.06.25.png 1856w\" sizes=\"auto, (max-width: 1024px) 100vw, 1024px\" \/><\/figure>\n<\/div>\n\n\n<p class=\"has-text-align-left\">Intervisie\u00a0is een\u00a0waardevolle manier om met en van elkaar te leren binnen een organisatie. Dit gebeurt in (bij voorkeur) kleine groepen van 5-8 deelnemers per groep. <\/p>\n\n\n\n<p class=\"has-text-align-left\">Het is een leer-manier\u00a0waarbij professionals met een vergelijkbare achtergrond\u00a0werkproblemen bespreken. De groepsleden hoeven niet dezelfde werkzaamheden te hebben, maar moeten, binnen \u00e9\u00e9n groep, niet aan elkaar hoeven te rapporten \u00f3f een hi\u00ebrarchische verhouding hebben ten opzichte van elkaar. <\/p>\n\n\n\n<p class=\"has-text-align-left\">Het is een vorm van\u00a0<em>peer coaching<\/em>, waarbij collega\u2019s elkaar helpen om na te denken over een casus met een daarbij geformuleerde intervisie-vraag. <\/p>\n\n\n\n<p class=\"has-text-align-left\">Dit gebeurt door het toepassen van verschillende werkvormen (intervisie methodes) die, afhankelijk van de casus, worden gekozen en ingezet. Hierdoor leer je van elkaars ervaringen en helpen groepsleden elkaar , vraaggericht, om verder te groeien. <\/p>\n\n\n\n<p class=\"has-text-align-left\">Binnen een intervisiegroep zijn er op elk moment 3 rollen. De inbrenger (van wie de casus centraal staat), de Intervisie begeleider (ook wel facilitator of intervisor genoemd) en de deelnemers.<\/p>\n\n\n\n<p class=\"has-text-align-left\">De intervisie-begeleider zorgt voor structuur en heeft de regie. De intervisie begeleider bewaakt ook de veiligheid en zorgvuldigheid van de vraagstelling of oefening. De intervisie begeleider kan extern worden ingehuurd. Soms wordt ook een interne medewerker getraind om intervisie te begeleiden. <br>Bepper biedt intervisie begeleiding aan. <br><br>De ervaring leert dat intervisie op vrijwillige basis effectief is. Verplichte deelname is niet wenselijk en kan storend werken voor de effectiviteit en veiligheid van de groep. <\/p>\n\n\n\n<h2 class=\"wp-block-heading\"><strong>Voordelen van intervisie<\/strong>:<\/h2>\n\n\n\n<p class=\"has-text-align-left\"><strong>Persoonlijke ontwikkeling<\/strong>: Intervisie vergroot je vermogen om jezelf te ontwikkelen.<\/p>\n\n\n\n<p class=\"has-text-align-left\"><strong>Mogelijke oplossingen<\/strong>: Tijdens intervisiebijeenkomsten worden persoonlijke en vaak herkenbare vragen besproken, waardoor deelnemers met een frisse blik naar vraagstukken kijken.<\/p>\n\n\n\n<p class=\"has-text-align-left\"><strong>Samen leren<\/strong>: Je leert van elkaars ervaringen en versterkt sociale netwerken en uitwisseling tussen collega\u2019s.<\/p>\n\n\n\n<p class=\"has-text-align-left\"><strong>Professionele solidariteit<\/strong>: Wederzijdse hulp leidt tot een sterkere band en professionele solidariteit in het team.<\/p>\n\n\n\n<p class=\"has-text-align-left\"><strong>Inzicht in eigen handelen<\/strong>: Intervisie biedt inzicht in je eigen denken en handelen.<\/p>\n\n\n\n<p class=\"has-text-align-left\"><strong>Vertaling van kennis naar praktijk<\/strong>: Je kunt kennis vertalen naar je dagelijkse werkpraktijk.<\/p>\n\n\n\n<p class=\"has-text-align-left\"><strong>Steun en support<\/strong>: Veel professionals ervaren de intervisiegroep als steun.<\/p>\n\n\n\n<p class=\"has-text-align-left\"><strong>Zelfsturend<\/strong>: Een intervisiegroep kan in sommige gevallen, na een introductie periode met ervaren intervisie begeleider, zelfsturend zijn.<\/p>\n\n\n\n<p class=\"has-text-align-left\"><strong>Structuur en psychologische aspecten<\/strong>: Intervisie richt zich op structuur en psychologische aspecten.<\/p>\n\n\n\n<p class=\"has-text-align-left\"><strong>Veilige omgeving<\/strong>: Zorg voor een veilige omgeving en voldoende tijd en ruimte vanuit de werkgever. In de veilige omgeving kan met nieuw gedrag of nieuwe manieren geoefend en geexperimenteerd worden zonder risico.<\/p>\n","protected":false},"excerpt":{"rendered":"<p>Intervisie\u00a0is een\u00a0waardevolle manier om met en van elkaar te leren binnen een organisatie. Dit gebeurt in (bij voorkeur) kleine groepen &hellip; <\/p>\n","protected":false},"author":1,"featured_media":0,"parent":0,"menu_order":0,"comment_status":"closed","ping_status":"closed","template":"template-home.php","meta":{"footnotes":""},"class_list":["post-2","page","type-page","status-publish","hentry"],"yoast_head":"<!-- This site is optimized with the Yoast SEO plugin v26.2 - https:\/\/yoast.com\/wordpress\/plugins\/seo\/ -->\n<title>Wat is Intervisie - Intervisie<\/title>\n<meta name=\"description\" content=\"Intervisie begeleiding kun je extern inhuren. Bepper verzorgd de introductie, organisatie en begeleiding voor uw organisatie.\" \/>\n<meta name=\"robots\" content=\"index, follow, max-snippet:-1, max-image-preview:large, max-video-preview:-1\" \/>\n<link rel=\"canonical\" href=\"https:\/\/intervisie-begeleider.nl\/\" \/>\n<meta property=\"og:locale\" content=\"nl_NL\" \/>\n<meta property=\"og:type\" content=\"article\" \/>\n<meta property=\"og:title\" content=\"Wat is Intervisie - Intervisie\" \/>\n<meta property=\"og:description\" content=\"Intervisie begeleiding kun je extern inhuren. Bepper verzorgd de introductie, organisatie en begeleiding voor uw organisatie.\" \/>\n<meta property=\"og:url\" content=\"https:\/\/intervisie-begeleider.nl\/\" \/>\n<meta property=\"og:site_name\" content=\"Intervisie\" \/>\n<meta property=\"article:modified_time\" content=\"2024-03-09T08:03:30+00:00\" \/>\n<meta name=\"twitter:card\" content=\"summary_large_image\" \/>\n<meta name=\"twitter:label1\" content=\"Geschatte leestijd\" \/>\n\t<meta name=\"twitter:data1\" content=\"3 minuten\" \/>\n<script type=\"application\/ld+json\" class=\"yoast-schema-graph\">{\"@context\":\"https:\/\/schema.org\",\"@graph\":[{\"@type\":\"WebPage\",\"@id\":\"https:\/\/intervisie-begeleider.nl\/\",\"url\":\"https:\/\/intervisie-begeleider.nl\/\",\"name\":\"Wat is Intervisie - Intervisie\",\"isPartOf\":{\"@id\":\"https:\/\/intervisie-begeleider.nl\/#website\"},\"datePublished\":\"2024-03-07T16:55:53+00:00\",\"dateModified\":\"2024-03-09T08:03:30+00:00\",\"description\":\"Intervisie begeleiding kun je extern inhuren. Bepper verzorgd de introductie, organisatie en begeleiding voor uw organisatie.\",\"breadcrumb\":{\"@id\":\"https:\/\/intervisie-begeleider.nl\/#breadcrumb\"},\"inLanguage\":\"nl-NL\",\"potentialAction\":[{\"@type\":\"ReadAction\",\"target\":[\"https:\/\/intervisie-begeleider.nl\/\"]}]},{\"@type\":\"BreadcrumbList\",\"@id\":\"https:\/\/intervisie-begeleider.nl\/#breadcrumb\",\"itemListElement\":[{\"@type\":\"ListItem\",\"position\":1,\"name\":\"Home\",\"item\":\"https:\/\/intervisie-begeleider.nl\/\"},{\"@type\":\"ListItem\",\"position\":2,\"name\":\"Wat is Intervisie\"}]},{\"@type\":\"WebSite\",\"@id\":\"https:\/\/intervisie-begeleider.nl\/#website\",\"url\":\"https:\/\/intervisie-begeleider.nl\/\",\"name\":\"Intervisie\",\"description\":\"Leren van en met elkaar maakt je vaardiger, sterker en meer samen.\",\"publisher\":{\"@id\":\"https:\/\/intervisie-begeleider.nl\/#organization\"},\"potentialAction\":[{\"@type\":\"SearchAction\",\"target\":{\"@type\":\"EntryPoint\",\"urlTemplate\":\"https:\/\/intervisie-begeleider.nl\/?s={search_term_string}\"},\"query-input\":{\"@type\":\"PropertyValueSpecification\",\"valueRequired\":true,\"valueName\":\"search_term_string\"}}],\"inLanguage\":\"nl-NL\"},{\"@type\":\"Organization\",\"@id\":\"https:\/\/intervisie-begeleider.nl\/#organization\",\"name\":\"Intervisie\",\"url\":\"https:\/\/intervisie-begeleider.nl\/\",\"logo\":{\"@type\":\"ImageObject\",\"inLanguage\":\"nl-NL\",\"@id\":\"https:\/\/intervisie-begeleider.nl\/#\/schema\/logo\/image\/\",\"url\":\"https:\/\/intervisie-begeleider.nl\/wp-content\/uploads\/2025\/04\/cropped-bepper_logo_TEKST_vierkant_2022.png\",\"contentUrl\":\"https:\/\/intervisie-begeleider.nl\/wp-content\/uploads\/2025\/04\/cropped-bepper_logo_TEKST_vierkant_2022.png\",\"width\":141,\"height\":141,\"caption\":\"Intervisie\"},\"image\":{\"@id\":\"https:\/\/intervisie-begeleider.nl\/#\/schema\/logo\/image\/\"}}]}<\/script>\n<!-- \/ Yoast SEO plugin. -->","yoast_head_json":{"title":"Wat is Intervisie - Intervisie","description":"Intervisie begeleiding kun je extern inhuren. Bepper verzorgd de introductie, organisatie en begeleiding voor uw organisatie.","robots":{"index":"index","follow":"follow","max-snippet":"max-snippet:-1","max-image-preview":"max-image-preview:large","max-video-preview":"max-video-preview:-1"},"canonical":"https:\/\/intervisie-begeleider.nl\/","og_locale":"nl_NL","og_type":"article","og_title":"Wat is Intervisie - Intervisie","og_description":"Intervisie begeleiding kun je extern inhuren. Bepper verzorgd de introductie, organisatie en begeleiding voor uw organisatie.","og_url":"https:\/\/intervisie-begeleider.nl\/","og_site_name":"Intervisie","article_modified_time":"2024-03-09T08:03:30+00:00","twitter_card":"summary_large_image","twitter_misc":{"Geschatte leestijd":"3 minuten"},"schema":{"@context":"https:\/\/schema.org","@graph":[{"@type":"WebPage","@id":"https:\/\/intervisie-begeleider.nl\/","url":"https:\/\/intervisie-begeleider.nl\/","name":"Wat is Intervisie - Intervisie","isPartOf":{"@id":"https:\/\/intervisie-begeleider.nl\/#website"},"datePublished":"2024-03-07T16:55:53+00:00","dateModified":"2024-03-09T08:03:30+00:00","description":"Intervisie begeleiding kun je extern inhuren. Bepper verzorgd de introductie, organisatie en begeleiding voor uw organisatie.","breadcrumb":{"@id":"https:\/\/intervisie-begeleider.nl\/#breadcrumb"},"inLanguage":"nl-NL","potentialAction":[{"@type":"ReadAction","target":["https:\/\/intervisie-begeleider.nl\/"]}]},{"@type":"BreadcrumbList","@id":"https:\/\/intervisie-begeleider.nl\/#breadcrumb","itemListElement":[{"@type":"ListItem","position":1,"name":"Home","item":"https:\/\/intervisie-begeleider.nl\/"},{"@type":"ListItem","position":2,"name":"Wat is Intervisie"}]},{"@type":"WebSite","@id":"https:\/\/intervisie-begeleider.nl\/#website","url":"https:\/\/intervisie-begeleider.nl\/","name":"Intervisie","description":"Leren van en met elkaar maakt je vaardiger, sterker en meer samen.","publisher":{"@id":"https:\/\/intervisie-begeleider.nl\/#organization"},"potentialAction":[{"@type":"SearchAction","target":{"@type":"EntryPoint","urlTemplate":"https:\/\/intervisie-begeleider.nl\/?s={search_term_string}"},"query-input":{"@type":"PropertyValueSpecification","valueRequired":true,"valueName":"search_term_string"}}],"inLanguage":"nl-NL"},{"@type":"Organization","@id":"https:\/\/intervisie-begeleider.nl\/#organization","name":"Intervisie","url":"https:\/\/intervisie-begeleider.nl\/","logo":{"@type":"ImageObject","inLanguage":"nl-NL","@id":"https:\/\/intervisie-begeleider.nl\/#\/schema\/logo\/image\/","url":"https:\/\/intervisie-begeleider.nl\/wp-content\/uploads\/2025\/04\/cropped-bepper_logo_TEKST_vierkant_2022.png","contentUrl":"https:\/\/intervisie-begeleider.nl\/wp-content\/uploads\/2025\/04\/cropped-bepper_logo_TEKST_vierkant_2022.png","width":141,"height":141,"caption":"Intervisie"},"image":{"@id":"https:\/\/intervisie-begeleider.nl\/#\/schema\/logo\/image\/"}}]}},"_links":{"self":[{"href":"https:\/\/intervisie-begeleider.nl\/index.php\/wp-json\/wp\/v2\/pages\/2","targetHints":{"allow":["GET"]}}],"collection":[{"href":"https:\/\/intervisie-begeleider.nl\/index.php\/wp-json\/wp\/v2\/pages"}],"about":[{"href":"https:\/\/intervisie-begeleider.nl\/index.php\/wp-json\/wp\/v2\/types\/page"}],"author":[{"embeddable":true,"href":"https:\/\/intervisie-begeleider.nl\/index.php\/wp-json\/wp\/v2\/users\/1"}],"replies":[{"embeddable":true,"href":"https:\/\/intervisie-begeleider.nl\/index.php\/wp-json\/wp\/v2\/comments?post=2"}],"version-history":[{"count":20,"href":"https:\/\/intervisie-begeleider.nl\/index.php\/wp-json\/wp\/v2\/pages\/2\/revisions"}],"predecessor-version":[{"id":101,"href":"https:\/\/intervisie-begeleider.nl\/index.php\/wp-json\/wp\/v2\/pages\/2\/revisions\/101"}],"wp:attachment":[{"href":"https:\/\/intervisie-begeleider.nl\/index.php\/wp-json\/wp\/v2\/media?parent=2"}],"curies":[{"name":"wp","href":"https:\/\/api.w.org\/{rel}","templated":true}]}}